{"id":38,"date":"2026-05-08T14:14:55","date_gmt":"2026-05-08T14:14:55","guid":{"rendered":"https:\/\/odnowdach.pl\/?page_id=38"},"modified":"2026-05-08T15:45:53","modified_gmt":"2026-05-08T15:45:53","slug":"home","status":"publish","type":"page","link":"https:\/\/odnowdach.pl\/","title":{"rendered":"Odn\u00f3w dach.pl"},"content":{"rendered":"\t\t<div data-elementor-type=\"wp-page\" data-elementor-id=\"38\" class=\"elementor elementor-38\">\n\t\t\t\t<div class=\"elementor-element elementor-element-021e99e e-flex e-con-boxed e-con e-parent\" data-id=\"021e99e\" data-element_type=\"container\" data-e-type=\"container\">\n\t\t\t\t\t<div class=\"e-con-inner\">\n\t\t\t\t<div class=\"elementor-element elementor-element-3d6957e elementor-widget elementor-widget-image\" data-id=\"3d6957e\" data-element_type=\"widget\" data-e-type=\"widget\" data-widget_type=\"image.default\">\n\t\t\t\t\t\t\t\t\t\t\t\t\t\t\t<img decoding=\"async\" width=\"300\" height=\"104\" src=\"https:\/\/odnowdach.pl\/wp-content\/uploads\/2026\/05\/01-bb-e1778250690951-300x104.jpg\" class=\"attachment-medium size-medium wp-image-64\" alt=\"\" srcset=\"https:\/\/odnowdach.pl\/wp-content\/uploads\/2026\/05\/01-bb-e1778250690951-300x104.jpg 300w, https:\/\/odnowdach.pl\/wp-content\/uploads\/2026\/05\/01-bb-e1778250690951-1024x355.jpg 1024w, https:\/\/odnowdach.pl\/wp-content\/uploads\/2026\/05\/01-bb-e1778250690951-768x266.jpg 768w, https:\/\/odnowdach.pl\/wp-content\/uploads\/2026\/05\/01-bb-e1778250690951-1536x532.jpg 1536w, https:\/\/odnowdach.pl\/wp-content\/uploads\/2026\/05\/01-bb-e1778250690951-2048x710.jpg 2048w\" sizes=\"(max-width: 300px) 100vw, 300px\" \/>\t\t\t\t\t\t\t\t\t\t\t\t\t\t\t<\/div>\n\t\t\t\t\t<\/div>\n\t\t\t\t<\/div>\n\t\t<div class=\"elementor-element elementor-element-7426c920 e-flex e-con-boxed e-con e-parent\" data-id=\"7426c920\" data-element_type=\"container\" data-e-type=\"container\" data-settings=\"{&quot;background_background&quot;:&quot;classic&quot;}\">\n\t\t\t\t\t<div class=\"e-con-inner\">\n\t\t\t\t<div class=\"elementor-element elementor-element-4a0fd027 elementor-widget elementor-widget-heading\" data-id=\"4a0fd027\" data-element_type=\"widget\" data-e-type=\"widget\" data-widget_type=\"heading.default\">\n\t\t\t\t\t<h1 class=\"elementor-heading-title elementor-size-default\">Profesjonalne malowanie dach\u00f3w i elewacji<\/h1>\t\t\t\t<\/div>\n\t\t\t\t<div class=\"elementor-element elementor-element-505bff5e elementor-widget elementor-widget-heading\" data-id=\"505bff5e\" data-element_type=\"widget\" data-e-type=\"widget\" data-widget_type=\"heading.default\">\n\t\t\t\t\t<h5 class=\"elementor-heading-title elementor-size-default\">Dbamy o estetyk\u0119 i trwa\u0142o\u015b\u0107 Twojego domu. Firma OdnowDach specjalizuje si\u0119 w profesjonalnym malowaniu dach\u00f3w oraz elewacji, przywracaj\u0105c budynkom \u015bwie\u017cy, estetyczny wygl\u0105d i dodatkow\u0105 ochron\u0119 na lata. <\/h5>\t\t\t\t<\/div>\n\t\t\t\t<div class=\"elementor-element elementor-element-4b7c188d elementor-align-center elementor-widget elementor-widget-button\" data-id=\"4b7c188d\" data-element_type=\"widget\" data-e-type=\"widget\" data-widget_type=\"button.default\">\n\t\t\t\t\t\t\t\t\t\t<a class=\"elementor-button elementor-button-link elementor-size-sm\" href=\"tel:730673279\">\n\t\t\t\t\t\t<span class=\"elementor-button-content-wrapper\">\n\t\t\t\t\t\t\t\t\t<span class=\"elementor-button-text\">Zadzwo\u0144<\/span>\n\t\t\t\t\t<\/span>\n\t\t\t\t\t<\/a>\n\t\t\t\t\t\t\t\t<\/div>\n\t\t\t\t\t<\/div>\n\t\t\t\t<\/div>\n\t\t<div class=\"elementor-element elementor-element-3034535b e-con-full e-flex e-con e-parent\" data-id=\"3034535b\" data-element_type=\"container\" data-e-type=\"container\">\n\t\t<div class=\"elementor-element elementor-element-6a263b30 e-con-full e-flex e-con e-child\" data-id=\"6a263b30\" data-element_type=\"container\" data-e-type=\"container\">\n\t\t\t\t<div class=\"elementor-element elementor-element-39b4cc8f elementor-widget elementor-widget-heading\" data-id=\"39b4cc8f\" data-element_type=\"widget\" data-e-type=\"widget\" data-widget_type=\"heading.default\">\n\t\t\t\t\t<h2 class=\"elementor-heading-title elementor-size-default\">O NAS<\/h2>\t\t\t\t<\/div>\n\t\t\t\t<div class=\"elementor-element elementor-element-2ef045f7 elementor-widget elementor-widget-heading\" data-id=\"2ef045f7\" data-element_type=\"widget\" data-e-type=\"widget\" data-widget_type=\"heading.default\">\n\t\t\t\t\t<h5 class=\"elementor-heading-title elementor-size-default\">OdnowDach.PL<\/h5>\t\t\t\t<\/div>\n\t\t\t\t<div class=\"elementor-element elementor-element-6cca1cbf elementor-widget elementor-widget-text-editor\" data-id=\"6cca1cbf\" data-element_type=\"widget\" data-e-type=\"widget\" data-widget_type=\"text-editor.default\">\n\t\t\t\t\t\t\t\t\t<p data-start=\"460\" data-end=\"772\">Firma tworzona przez ludzi z do\u015bwiadczeniem i pasj\u0105 do solidnie wykonanej pracy. Stawiamy na dok\u0142adno\u015b\u0107, terminowo\u015b\u0107 oraz indywidualne podej\u015bcie do ka\u017cdego klienta. Naszym celem jest nie tylko poprawa wygl\u0105du budynku, ale r\u00f3wnie\u017c zabezpieczenie powierzchni przed dzia\u0142aniem warunk\u00f3w atmosferycznych.<\/p><p data-start=\"774\" data-end=\"890\">Dzia\u0142amy kompleksowo \u2014 od dok\u0142adnego mycia i przygotowania powierzchni, a\u017c po profesjonalne malowanie i impregnacj\u0119.<\/p>\t\t\t\t\t\t\t\t<\/div>\n\t\t\t\t<\/div>\n\t\t<div class=\"elementor-element elementor-element-5b47e6ab e-con-full e-flex e-con e-child\" data-id=\"5b47e6ab\" data-element_type=\"container\" data-e-type=\"container\">\n\t\t\t\t<div class=\"elementor-element elementor-element-3f9683f3 elementor-hidden-tablet elementor-hidden-mobile elementor-widget elementor-widget-image\" data-id=\"3f9683f3\" data-element_type=\"widget\" data-e-type=\"widget\" data-widget_type=\"image.default\">\n\t\t\t\t\t\t\t\t\t\t\t\t\t\t\t<img fetchpriority=\"high\" decoding=\"async\" width=\"2560\" height=\"2560\" src=\"https:\/\/odnowdach.pl\/wp-content\/uploads\/2026\/05\/GLOWNA-01-1-scaled.jpg\" class=\"attachment-full size-full wp-image-98\" alt=\"\" srcset=\"https:\/\/odnowdach.pl\/wp-content\/uploads\/2026\/05\/GLOWNA-01-1-scaled.jpg 2560w, https:\/\/odnowdach.pl\/wp-content\/uploads\/2026\/05\/GLOWNA-01-1-300x300.jpg 300w, https:\/\/odnowdach.pl\/wp-content\/uploads\/2026\/05\/GLOWNA-01-1-1024x1024.jpg 1024w, https:\/\/odnowdach.pl\/wp-content\/uploads\/2026\/05\/GLOWNA-01-1-150x150.jpg 150w, https:\/\/odnowdach.pl\/wp-content\/uploads\/2026\/05\/GLOWNA-01-1-768x768.jpg 768w, https:\/\/odnowdach.pl\/wp-content\/uploads\/2026\/05\/GLOWNA-01-1-1536x1536.jpg 1536w, https:\/\/odnowdach.pl\/wp-content\/uploads\/2026\/05\/GLOWNA-01-1-2048x2048.jpg 2048w\" sizes=\"(max-width: 2560px) 100vw, 2560px\" \/>\t\t\t\t\t\t\t\t\t\t\t\t\t\t\t<\/div>\n\t\t\t\t<\/div>\n\t\t\t\t<\/div>\n\t\t<div class=\"elementor-element elementor-element-a0f57ec e-con-full e-flex e-con e-parent\" data-id=\"a0f57ec\" data-element_type=\"container\" data-e-type=\"container\">\n\t\t\t\t<div class=\"elementor-element elementor-element-49b32ff7 elementor-widget elementor-widget-heading\" data-id=\"49b32ff7\" data-element_type=\"widget\" data-e-type=\"widget\" data-widget_type=\"heading.default\">\n\t\t\t\t\t<h2 class=\"elementor-heading-title elementor-size-default\">Nasze us\u0142ugi<\/h2>\t\t\t\t<\/div>\n\t\t\t\t<\/div>\n\t\t<div class=\"elementor-element elementor-element-975eb3c e-grid e-con-boxed e-con e-parent\" data-id=\"975eb3c\" data-element_type=\"container\" data-e-type=\"container\">\n\t\t\t\t\t<div class=\"e-con-inner\">\n\t\t\t\t<div class=\"elementor-element elementor-element-c0589e8 elementor-position-top elementor-widget elementor-widget-image-box\" data-id=\"c0589e8\" data-element_type=\"widget\" data-e-type=\"widget\" data-widget_type=\"image-box.default\">\n\t\t\t\t\t<div class=\"elementor-image-box-wrapper\"><figure class=\"elementor-image-box-img\"><img decoding=\"async\" width=\"1284\" height=\"1406\" src=\"https:\/\/odnowdach.pl\/wp-content\/uploads\/2026\/05\/01.png\" class=\"attachment-full size-full wp-image-102\" alt=\"\" srcset=\"https:\/\/odnowdach.pl\/wp-content\/uploads\/2026\/05\/01.png 1284w, https:\/\/odnowdach.pl\/wp-content\/uploads\/2026\/05\/01-274x300.png 274w, https:\/\/odnowdach.pl\/wp-content\/uploads\/2026\/05\/01-935x1024.png 935w, https:\/\/odnowdach.pl\/wp-content\/uploads\/2026\/05\/01-768x841.png 768w\" sizes=\"(max-width: 1284px) 100vw, 1284px\" \/><\/figure><div class=\"elementor-image-box-content\"><h3 class=\"elementor-image-box-title\">Malowanie dach\u00f3w i elewacji<\/h3><p class=\"elementor-image-box-description\">Specjalizujemy si\u0119 w profesjonalnym malowaniu dach\u00f3w oraz elewacji budynk\u00f3w mieszkalnych, przemys\u0142owych i gospodarczych. Odpowiednio dobrane farby oraz staranne przygotowanie powierzchni pozwalaj\u0105 uzyska\u0107 trwa\u0142y efekt i estetyczny wygl\u0105d na lata.\n\nZakres prac:\nmalowanie dach\u00f3w blaszanych i dach\u00f3wki,\nmalowanie elewacji,\nusuwanie korozji i przygotowanie powierzchni, \ngruntowanie, \nmalowanie natryskowe i r\u0119czne\n<\/p><\/div><\/div>\t\t\t\t<\/div>\n\t\t\t\t<div class=\"elementor-element elementor-element-b581344 elementor-position-top elementor-widget elementor-widget-image-box\" data-id=\"b581344\" data-element_type=\"widget\" data-e-type=\"widget\" data-widget_type=\"image-box.default\">\n\t\t\t\t\t<div class=\"elementor-image-box-wrapper\"><figure class=\"elementor-image-box-img\"><img loading=\"lazy\" decoding=\"async\" width=\"1422\" height=\"1397\" src=\"https:\/\/odnowdach.pl\/wp-content\/uploads\/2026\/05\/02.png\" class=\"attachment-full size-full wp-image-104\" alt=\"\" srcset=\"https:\/\/odnowdach.pl\/wp-content\/uploads\/2026\/05\/02.png 1422w, https:\/\/odnowdach.pl\/wp-content\/uploads\/2026\/05\/02-300x295.png 300w, https:\/\/odnowdach.pl\/wp-content\/uploads\/2026\/05\/02-1024x1006.png 1024w, https:\/\/odnowdach.pl\/wp-content\/uploads\/2026\/05\/02-768x754.png 768w\" sizes=\"(max-width: 1422px) 100vw, 1422px\" \/><\/figure><div class=\"elementor-image-box-content\"><h3 class=\"elementor-image-box-title\">Mycie<\/h3><p class=\"elementor-image-box-description\">Dok\u0142adnie czy\u015bcimy powierzchnie z zabrudze\u0144, osad\u00f3w atmosferycznych, mchu, glon\u00f3w oraz innych nalot\u00f3w. Korzystamy z profesjonalnego sprz\u0119tu i skutecznych metod czyszczenia.\n\nCzy\u015bcimy:\ndachy\nelewacje\nkostk\u0119 brukow\u0105\nogrodzenia\npodjazdy\ntarasy\n\nRegularne mycie poprawia estetyk\u0119 posesji oraz przygotowuje powierzchni\u0119 do dalszych prac konserwacyjnych.<\/p><\/div><\/div>\t\t\t\t<\/div>\n\t\t\t\t<div class=\"elementor-element elementor-element-5ad7a57 elementor-position-top elementor-widget elementor-widget-image-box\" data-id=\"5ad7a57\" data-element_type=\"widget\" data-e-type=\"widget\" data-widget_type=\"image-box.default\">\n\t\t\t\t\t<div class=\"elementor-image-box-wrapper\"><figure class=\"elementor-image-box-img\"><img loading=\"lazy\" decoding=\"async\" width=\"1416\" height=\"1397\" src=\"https:\/\/odnowdach.pl\/wp-content\/uploads\/2026\/05\/03.png\" class=\"attachment-full size-full wp-image-115\" alt=\"\" srcset=\"https:\/\/odnowdach.pl\/wp-content\/uploads\/2026\/05\/03.png 1416w, https:\/\/odnowdach.pl\/wp-content\/uploads\/2026\/05\/03-300x296.png 300w, https:\/\/odnowdach.pl\/wp-content\/uploads\/2026\/05\/03-1024x1010.png 1024w, https:\/\/odnowdach.pl\/wp-content\/uploads\/2026\/05\/03-768x758.png 768w\" sizes=\"(max-width: 1416px) 100vw, 1416px\" \/><\/figure><div class=\"elementor-image-box-content\"><h3 class=\"elementor-image-box-title\">Impregnacja<\/h3><p class=\"elementor-image-box-description\">Wykonujemy profesjonaln\u0105 impregnacj\u0119 powierzchni, kt\u00f3ra zabezpiecza przed wilgoci\u0105, zabrudzeniami oraz ponownym rozwojem mchu i porost\u00f3w.\nImpregnujemy:\n\n\ndachy\n\n\nelewacje\n\n\nkostk\u0119 brukow\u0105\n\n\nogrodzenia\n\n\nbeton i kamie\u0144\n\n\nImpregnacja wyd\u0142u\u017ca trwa\u0142o\u015b\u0107 powierzchni oraz pomaga zachowa\u0107 estetyczny wygl\u0105d przez d\u0142ugi czas.<\/p><\/div><\/div>\t\t\t\t<\/div>\n\t\t\t\t\t<\/div>\n\t\t\t\t<\/div>\n\t\t<div class=\"elementor-element elementor-element-294cc845 e-con-full e-flex e-con e-parent\" data-id=\"294cc845\" data-element_type=\"container\" data-e-type=\"container\" data-settings=\"{&quot;background_background&quot;:&quot;classic&quot;}\">\n\t\t\t\t<div class=\"elementor-element elementor-element-5358ca67 elementor-widget elementor-widget-heading\" data-id=\"5358ca67\" data-element_type=\"widget\" data-e-type=\"widget\" data-widget_type=\"heading.default\">\n\t\t\t\t\t<h2 class=\"elementor-heading-title elementor-size-default\">Dlaczego warto nam zaufa\u0107?<\/h2>\t\t\t\t<\/div>\n\t\t\t\t<div class=\"elementor-element elementor-element-595c7150 elementor-widget elementor-widget-heading\" data-id=\"595c7150\" data-element_type=\"widget\" data-e-type=\"widget\" data-widget_type=\"heading.default\">\n\t\t\t\t\t<h5 class=\"elementor-heading-title elementor-size-default\">\u2714 profesjonalne podej\u015bcie do ka\u017cdego zlecenia\n\n\u2714 dok\u0142adno\u015b\u0107 i estetyka wykonania\n\n\u2714 wysokiej jako\u015bci materia\u0142y\n\n\u2714 terminowa realizacja\n\n\u2714 indywidualna wycena\n\n\u2714 do\u015bwiadczenie i nowoczesny sprz\u0119t<\/h5>\t\t\t\t<\/div>\n\t\t\t\t<div class=\"elementor-element elementor-element-151f62bb elementor-widget elementor-widget-image-carousel\" data-id=\"151f62bb\" data-element_type=\"widget\" data-e-type=\"widget\" data-settings=\"{&quot;slides_to_show&quot;:&quot;5&quot;,&quot;slides_to_show_tablet&quot;:&quot;3&quot;,&quot;navigation&quot;:&quot;none&quot;,&quot;pause_on_hover&quot;:&quot;no&quot;,&quot;pause_on_interaction&quot;:&quot;no&quot;,&quot;image_spacing_custom&quot;:{&quot;unit&quot;:&quot;px&quot;,&quot;size&quot;:24,&quot;sizes&quot;:[]},&quot;slides_to_scroll_tablet&quot;:&quot;1&quot;,&quot;slides_to_show_mobile&quot;:&quot;1&quot;,&quot;autoplay&quot;:&quot;yes&quot;,&quot;autoplay_speed&quot;:5000,&quot;infinite&quot;:&quot;yes&quot;,&quot;speed&quot;:500,&quot;image_spacing_custom_tablet&quot;:{&quot;unit&quot;:&quot;px&quot;,&quot;size&quot;:&quot;&quot;,&quot;sizes&quot;:[]}}\" data-widget_type=\"image-carousel.default\">\n\t\t\t\t\t\t\t<div class=\"elementor-image-carousel-wrapper swiper\" role=\"region\" aria-roledescription=\"carousel\" aria-label=\"Karuzela obrazk\u00f3w\" dir=\"ltr\">\n\t\t\t<div class=\"elementor-image-carousel swiper-wrapper\" aria-live=\"off\">\n\t\t\t\t\t\t\t\t<div class=\"swiper-slide\" role=\"group\" aria-roledescription=\"slide\" aria-label=\"1 z 6\"><figure class=\"swiper-slide-inner\"><img decoding=\"async\" class=\"swiper-slide-image\" src=\"https:\/\/odnowdach.pl\/wp-content\/uploads\/2026\/05\/03-scaled.jpg\" alt=\"03\" \/><\/figure><\/div><div class=\"swiper-slide\" role=\"group\" aria-roledescription=\"slide\" aria-label=\"2 z 6\"><figure class=\"swiper-slide-inner\"><img decoding=\"async\" class=\"swiper-slide-image\" src=\"https:\/\/odnowdach.pl\/wp-content\/uploads\/2026\/05\/04-scaled.jpg\" alt=\"04\" \/><\/figure><\/div><div class=\"swiper-slide\" role=\"group\" aria-roledescription=\"slide\" aria-label=\"3 z 6\"><figure class=\"swiper-slide-inner\"><img decoding=\"async\" class=\"swiper-slide-image\" src=\"https:\/\/odnowdach.pl\/wp-content\/uploads\/2026\/05\/05-scaled.jpg\" alt=\"05\" \/><\/figure><\/div><div class=\"swiper-slide\" role=\"group\" aria-roledescription=\"slide\" aria-label=\"4 z 6\"><figure class=\"swiper-slide-inner\"><img decoding=\"async\" class=\"swiper-slide-image\" src=\"https:\/\/odnowdach.pl\/wp-content\/uploads\/2026\/05\/06-scaled.jpg\" alt=\"06\" \/><\/figure><\/div><div class=\"swiper-slide\" role=\"group\" aria-roledescription=\"slide\" aria-label=\"5 z 6\"><figure class=\"swiper-slide-inner\"><img decoding=\"async\" class=\"swiper-slide-image\" src=\"https:\/\/odnowdach.pl\/wp-content\/uploads\/2026\/05\/07-scaled.jpg\" alt=\"07\" \/><\/figure><\/div><div class=\"swiper-slide\" role=\"group\" aria-roledescription=\"slide\" aria-label=\"6 z 6\"><figure class=\"swiper-slide-inner\"><img decoding=\"async\" class=\"swiper-slide-image\" src=\"https:\/\/odnowdach.pl\/wp-content\/uploads\/2026\/05\/08-scaled.jpg\" alt=\"08\" \/><\/figure><\/div>\t\t\t<\/div>\n\t\t\t\t\t\t\t\n\t\t\t\t\t\t\t\t\t<\/div>\n\t\t\t\t\t\t<\/div>\n\t\t\t\t<\/div>\n\t\t<div class=\"elementor-element elementor-element-466e6448 e-con-full e-flex e-con e-parent\" data-id=\"466e6448\" data-element_type=\"container\" data-e-type=\"container\">\n\t\t<div class=\"elementor-element elementor-element-64baf2cb e-con-full e-flex e-con e-child\" data-id=\"64baf2cb\" data-element_type=\"container\" data-e-type=\"container\">\n\t\t\t\t<div class=\"elementor-element elementor-element-439cd7c4 elementor-widget elementor-widget-heading\" data-id=\"439cd7c4\" data-element_type=\"widget\" data-e-type=\"widget\" data-widget_type=\"heading.default\">\n\t\t\t\t\t<h2 class=\"elementor-heading-title elementor-size-default\">Zadbaj o wygl\u0105d swojego domu<\/h2>\t\t\t\t<\/div>\n\t\t\t\t<div class=\"elementor-element elementor-element-bfaa58b elementor-widget elementor-widget-text-editor\" data-id=\"bfaa58b\" data-element_type=\"widget\" data-e-type=\"widget\" data-widget_type=\"text-editor.default\">\n\t\t\t\t\t\t\t\t\t<p data-start=\"2184\" data-end=\"2353\">Regularna konserwacja dachu i elewacji nie tylko poprawia wygl\u0105d budynku, ale r\u00f3wnie\u017c przed\u0142u\u017ca trwa\u0142o\u015b\u0107 powierzchni i pomaga unikn\u0105\u0107 kosztownych remont\u00f3w w przysz\u0142o\u015bci.<\/p><p data-start=\"2355\" data-end=\"2413\">Skontaktuj si\u0119 z nami i bezp\u0142atnie wyce\u0144 swoj\u0105 realizacj\u0119.<\/p>\t\t\t\t\t\t\t\t<\/div>\n\t\t\t\t<div class=\"elementor-element elementor-element-e29dc18 elementor-align-left elementor-widget elementor-widget-button\" data-id=\"e29dc18\" data-element_type=\"widget\" data-e-type=\"widget\" data-widget_type=\"button.default\">\n\t\t\t\t\t\t\t\t\t\t<a class=\"elementor-button elementor-button-link elementor-size-sm\" href=\"tel:730673279\">\n\t\t\t\t\t\t<span class=\"elementor-button-content-wrapper\">\n\t\t\t\t\t\t<span class=\"elementor-button-icon\">\n\t\t\t\t<svg aria-hidden=\"true\" class=\"e-font-icon-svg e-fas-phone\" viewBox=\"0 0 512 512\" xmlns=\"http:\/\/www.w3.org\/2000\/svg\"><path d=\"M493.4 24.6l-104-24c-11.3-2.6-22.9 3.3-27.5 13.9l-48 112c-4.2 9.8-1.4 21.3 6.9 28l60.6 49.6c-36 76.7-98.9 140.5-177.2 177.2l-49.6-60.6c-6.8-8.3-18.2-11.1-28-6.9l-112 48C3.9 366.5-2 378.1.6 389.4l24 104C27.1 504.2 36.7 512 48 512c256.1 0 464-207.5 464-464 0-11.2-7.7-20.9-18.6-23.4z\"><\/path><\/svg>\t\t\t<\/span>\n\t\t\t\t\t\t\t\t\t<span class=\"elementor-button-text\">Zadzwo\u0144<\/span>\n\t\t\t\t\t<\/span>\n\t\t\t\t\t<\/a>\n\t\t\t\t\t\t\t\t<\/div>\n\t\t\t\t<\/div>\n\t\t<div class=\"elementor-element elementor-element-5a16065 e-con-full e-flex e-con e-child\" data-id=\"5a16065\" data-element_type=\"container\" data-e-type=\"container\">\n\t\t\t\t<div class=\"elementor-element elementor-element-15f5d1e1 elementor-widget elementor-widget-image\" data-id=\"15f5d1e1\" data-element_type=\"widget\" data-e-type=\"widget\" data-widget_type=\"image.default\">\n\t\t\t\t\t\t\t\t\t\t\t\t\t\t\t<img loading=\"lazy\" decoding=\"async\" width=\"1536\" height=\"1024\" src=\"https:\/\/odnowdach.pl\/wp-content\/uploads\/2026\/05\/10bd2b95-89e9-49c6-88e2-618c041ef223.png\" class=\"attachment-full size-full wp-image-146\" alt=\"\" srcset=\"https:\/\/odnowdach.pl\/wp-content\/uploads\/2026\/05\/10bd2b95-89e9-49c6-88e2-618c041ef223.png 1536w, https:\/\/odnowdach.pl\/wp-content\/uploads\/2026\/05\/10bd2b95-89e9-49c6-88e2-618c041ef223-300x200.png 300w, https:\/\/odnowdach.pl\/wp-content\/uploads\/2026\/05\/10bd2b95-89e9-49c6-88e2-618c041ef223-1024x683.png 1024w, https:\/\/odnowdach.pl\/wp-content\/uploads\/2026\/05\/10bd2b95-89e9-49c6-88e2-618c041ef223-768x512.png 768w\" sizes=\"(max-width: 1536px) 100vw, 1536px\" \/>\t\t\t\t\t\t\t\t\t\t\t\t\t\t\t<\/div>\n\t\t\t\t<\/div>\n\t\t\t\t<\/div>\n\t\t\t\t<\/div>\n\t\t","protected":false},"excerpt":{"rendered":"<p>Profesjonalne malowanie dach\u00f3w i elewacji Dbamy o estetyk\u0119 i trwa\u0142o\u015b\u0107 Twojego domu. Firma OdnowDach specjalizuje si\u0119 w profesjonalnym malowaniu dach\u00f3w oraz elewacji, przywracaj\u0105c budynkom \u015bwie\u017cy, estetyczny wygl\u0105d i dodatkow\u0105 ochron\u0119 na lata. Zadzwo\u0144 O NAS OdnowDach.PL Firma tworzona przez ludzi z do\u015bwiadczeniem i pasj\u0105 do solidnie wykonanej pracy. Stawiamy na dok\u0142adno\u015b\u0107, terminowo\u015b\u0107 oraz indywidualne podej\u015bcie [&hellip;]<\/p>\n","protected":false},"author":1,"featured_media":57,"parent":0,"menu_order":0,"comment_status":"closed","ping_status":"closed","template":"elementor_header_footer","meta":{"footnotes":""},"class_list":["post-38","page","type-page","status-publish","has-post-thumbnail","hentry"],"_links":{"self":[{"href":"https:\/\/odnowdach.pl\/index.php?rest_route=\/wp\/v2\/pages\/38","targetHints":{"allow":["GET"]}}],"collection":[{"href":"https:\/\/odnowdach.pl\/index.php?rest_route=\/wp\/v2\/pages"}],"about":[{"href":"https:\/\/odnowdach.pl\/index.php?rest_route=\/wp\/v2\/types\/page"}],"author":[{"embeddable":true,"href":"https:\/\/odnowdach.pl\/index.php?rest_route=\/wp\/v2\/users\/1"}],"replies":[{"embeddable":true,"href":"https:\/\/odnowdach.pl\/index.php?rest_route=%2Fwp%2Fv2%2Fcomments&post=38"}],"version-history":[{"count":73,"href":"https:\/\/odnowdach.pl\/index.php?rest_route=\/wp\/v2\/pages\/38\/revisions"}],"predecessor-version":[{"id":155,"href":"https:\/\/odnowdach.pl\/index.php?rest_route=\/wp\/v2\/pages\/38\/revisions\/155"}],"wp:featuredmedia":[{"embeddable":true,"href":"https:\/\/odnowdach.pl\/index.php?rest_route=\/wp\/v2\/media\/57"}],"wp:attachment":[{"href":"https:\/\/odnowdach.pl\/index.php?rest_route=%2Fwp%2Fv2%2Fmedia&parent=38"}],"curies":[{"name":"wp","href":"https:\/\/api.w.org\/{rel}","templated":true}]}}